{"id":3,"date":"2020-11-11T14:47:17","date_gmt":"2020-11-11T13:47:17","guid":{"rendered":"http:\/\/lagaillarde-avocats.fr\/?page_id=3"},"modified":"2023-11-09T11:07:59","modified_gmt":"2023-11-09T10:07:59","slug":"mentions","status":"publish","type":"page","link":"https:\/\/lagaillarde-avocats.fr\/index.php\/accueil\/mentions\/","title":{"rendered":"Mentions l\u00e9gales"},"content":{"rendered":"\t\t<div data-elementor-type=\"wp-page\" data-elementor-id=\"3\" class=\"elementor elementor-3\" data-elementor-settings=\"[]\">\n\t\t\t\t\t\t<div class=\"elementor-inner\">\n\t\t\t\t\t\t\t<div class=\"elementor-section-wrap\">\n\t\t\t\t\t\t\t<section class=\"elementor-section elementor-top-section elementor-element elementor-element-e8dcf35 elementor-section-stretched elementor-section-boxed elementor-section-height-default elementor-section-height-default\" data-id=\"e8dcf35\" data-element_type=\"section\" data-settings=\"{&quot;background_background&quot;:&quot;classic&quot;,&quot;stretch_section&quot;:&quot;section-stretched&quot;}\">\n\t\t\t\t\t\t\t<div class=\"elementor-background-overlay\"><\/div>\n\t\t\t\t\t\t\t<div class=\"elementor-container elementor-column-gap-no\">\n\t\t\t\t\t\t\t<div class=\"elementor-row\">\n\t\t\t\t\t<div class=\"elementor-column elementor-col-66 elementor-top-column elementor-element elementor-element-1edb4c35\" data-id=\"1edb4c35\" data-element_type=\"column\">\n\t\t\t<div class=\"elementor-column-wrap elementor-element-populated\">\n\t\t\t\t\t\t\t<div class=\"elementor-widget-wrap\">\n\t\t\t\t\t\t<div class=\"elementor-element elementor-element-4d0017ac elementor-widget elementor-widget-heading\" data-id=\"4d0017ac\" data-element_type=\"widget\" data-widget_type=\"heading.default\">\n\t\t\t\t<div class=\"elementor-widget-container\">\n\t\t\t<h1 class=\"elementor-heading-title elementor-size-default\">Mentions l\u00e9gales<\/h1>\t\t<\/div>\n\t\t\t\t<\/div>\n\t\t\t\t<div class=\"elementor-element elementor-element-60ccac47 elementor-widget-divider--view-line elementor-widget elementor-widget-divider\" data-id=\"60ccac47\" data-element_type=\"widget\" data-widget_type=\"divider.default\">\n\t\t\t\t<div class=\"elementor-widget-container\">\n\t\t\t\t\t<div class=\"elementor-divider\">\n\t\t\t<span class=\"elementor-divider-separator\">\n\t\t\t\t\t\t<\/span>\n\t\t<\/div>\n\t\t\t\t<\/div>\n\t\t\t\t<\/div>\n\t\t\t\t\t\t<\/div>\n\t\t\t\t\t<\/div>\n\t\t<\/div>\n\t\t\t\t<div class=\"elementor-column elementor-col-33 elementor-top-column elementor-element elementor-element-741c3223\" data-id=\"741c3223\" data-element_type=\"column\">\n\t\t\t<div class=\"elementor-column-wrap\">\n\t\t\t\t\t\t\t<div class=\"elementor-widget-wrap\">\n\t\t\t\t\t\t\t\t<\/div>\n\t\t\t\t\t<\/div>\n\t\t<\/div>\n\t\t\t\t\t\t\t\t<\/div>\n\t\t\t\t\t<\/div>\n\t\t<\/section>\n\t\t\t\t<section class=\"elementor-section elementor-top-section elementor-element elementor-element-ea327b1 elementor-section-boxed elementor-section-height-default elementor-section-height-default\" data-id=\"ea327b1\" data-element_type=\"section\">\n\t\t\t\t\t\t<div class=\"elementor-container elementor-column-gap-default\">\n\t\t\t\t\t\t\t<div class=\"elementor-row\">\n\t\t\t\t\t<div class=\"elementor-column elementor-col-100 elementor-top-column elementor-element elementor-element-09934e9\" data-id=\"09934e9\" data-element_type=\"column\">\n\t\t\t<div class=\"elementor-column-wrap elementor-element-populated\">\n\t\t\t\t\t\t\t<div class=\"elementor-widget-wrap\">\n\t\t\t\t\t\t<div class=\"elementor-element elementor-element-897a2ad elementor-widget elementor-widget-text-editor\" data-id=\"897a2ad\" data-element_type=\"widget\" data-widget_type=\"text-editor.default\">\n\t\t\t\t<div class=\"elementor-widget-container\">\n\t\t\t\t\t\t\t\t<div class=\"elementor-text-editor elementor-clearfix\">\n\t\t\t\t<h2>Qui sommes-nous&nbsp;?<\/h2>\n<p><!-- \/wp:heading --><\/p>\n<p><!-- wp:paragraph --><\/p>\n<p>L\u2019adresse de notre site Web est :&nbsp;<a href=\"http:\/\/lagaillarde-avocats.fr.\">http:\/\/lagaillarde-avocats.fr.<\/a><\/p>\n<p><strong>Soci\u00e9t\u00e9 Civile Professionnelle d\u2019Avocats<\/strong>&nbsp;RCS Auch D 413 803 776<br>Si\u00e8ge social : 21, rue d&rsquo;Etigny 32000 Auch<\/p>\n<p>Cabinet secondaire : 29 avenue du Commandant Parisot 32600 L&rsquo;Isle Jourdain<\/p>\n<p>T\u00e9l\u00e9phone : 05 62 05 41 44<\/p><p>G<strong style=\"font-size: 16.875px; background-color: rgba(2, 1, 1, 0);\">\u00e9rant<\/strong><span style=\"font-size: 16.875px; background-color: rgba(2, 1, 1, 0);\">&nbsp;: Michel LAGAILLARDE<\/span><\/p>\n<p>Soci\u00e9t\u00e9 membre d&rsquo;une association agr\u00e9\u00e9e, le r\u00e8glement par ch\u00e8que est accept\u00e9.<\/p>\n<h5>&nbsp;<\/h5>\n<h5><strong>Conception du site:<\/strong><\/h5>\n<p>ASA Communication &#8211; EIRL Anne-Sophie Anduze<\/p>\n<p>32130 Pompiac<\/p>\n<p><a href=\"http:\/\/www.asacommunication.fr\">http:\/\/www.asacommunication.fr<\/a><\/p>\n<p><\/p>\n<h5>H\u00e9bergement du site<\/h5>\n<p><!-- \/wp:paragraph --><\/p>\n<p><!-- wp:heading --><\/p>\n<p>OVH SAS&nbsp;<br>RCS Lille M\u00e9tropole 424 761 419 00045<br>Code APE 2620Z<br>N\u00b0 TVA : FR 22 424 761 419<br>Si\u00e8ge social : 2 rue Kellermann &#8211; 59100 Roubaix &#8211; France<\/p>\n<p><\/p>\n<h3>Donn\u00e9es personnelles et cookies<\/h3>\n<p>D&rsquo;une fa\u00e7on g\u00e9n\u00e9rale, vous pouvez visiter notre site sur Internet sans avoir \u00e0 d\u00e9cliner votre identit\u00e9 et \u00e0 fournir des informations personnelles vous concernant.<\/p>\n<div>&nbsp;<\/div>\t\t\t\t\t<\/div>\n\t\t\t\t\t\t<\/div>\n\t\t\t\t<\/div>\n\t\t\t\t\t\t<\/div>\n\t\t\t\t\t<\/div>\n\t\t<\/div>\n\t\t\t\t\t\t\t\t<\/div>\n\t\t\t\t\t<\/div>\n\t\t<\/section>\n\t\t\t\t\t\t<\/div>\n\t\t\t\t\t\t<\/div>\n\t\t\t\t\t<\/div>\n\t\t","protected":false},"excerpt":{"rendered":"<p>Mentions l\u00e9gales Qui sommes-nous&nbsp;? L\u2019adresse de notre site Web est :&nbsp;http:\/\/lagaillarde-avocats.fr. Soci\u00e9t\u00e9 Civile Professionnelle d\u2019Avocats&nbsp;RCS Auch D 413 803 776Si\u00e8ge social : 21, rue d&rsquo;Etigny 32000 Auch Cabinet secondaire : 29 avenue du Commandant Parisot 32600 L&rsquo;Isle Jourdain T\u00e9l\u00e9phone : 05 62 05 41 44G\u00e9rant&nbsp;: Michel LAGAILLARDE Soci\u00e9t\u00e9 membre d&rsquo;une association agr\u00e9\u00e9e, le r\u00e8glement par &hellip;<\/p>\n<p class=\"read-more\"> <a class=\"\" href=\"https:\/\/lagaillarde-avocats.fr\/index.php\/accueil\/mentions\/\"> <span class=\"screen-reader-text\">Mentions l\u00e9gales<\/span> Lire la suite \u00bb<\/a><\/p>\n","protected":false},"author":1,"featured_media":0,"parent":5,"menu_order":0,"comment_status":"closed","ping_status":"closed","template":"elementor_header_footer","meta":[],"_links":{"self":[{"href":"https:\/\/lagaillarde-avocats.fr\/index.php\/wp-json\/wp\/v2\/pages\/3"}],"collection":[{"href":"https:\/\/lagaillarde-avocats.fr\/index.php\/wp-json\/wp\/v2\/pages"}],"about":[{"href":"https:\/\/lagaillarde-avocats.fr\/index.php\/wp-json\/wp\/v2\/types\/page"}],"author":[{"embeddable":true,"href":"https:\/\/lagaillarde-avocats.fr\/index.php\/wp-json\/wp\/v2\/users\/1"}],"replies":[{"embeddable":true,"href":"https:\/\/lagaillarde-avocats.fr\/index.php\/wp-json\/wp\/v2\/comments?post=3"}],"version-history":[{"count":46,"href":"https:\/\/lagaillarde-avocats.fr\/index.php\/wp-json\/wp\/v2\/pages\/3\/revisions"}],"predecessor-version":[{"id":946,"href":"https:\/\/lagaillarde-avocats.fr\/index.php\/wp-json\/wp\/v2\/pages\/3\/revisions\/946"}],"up":[{"embeddable":true,"href":"https:\/\/lagaillarde-avocats.fr\/index.php\/wp-json\/wp\/v2\/pages\/5"}],"wp:attachment":[{"href":"https:\/\/lagaillarde-avocats.fr\/index.php\/wp-json\/wp\/v2\/media?parent=3"}],"curies":[{"name":"wp","href":"https:\/\/api.w.org\/{rel}","templated":true}]}}